{"id":169,"date":"2023-01-22T21:45:52","date_gmt":"2023-01-22T20:45:52","guid":{"rendered":"http:\/\/wegi.at\/WP\/?page_id=169"},"modified":"2023-02-01T10:19:38","modified_gmt":"2023-02-01T09:19:38","slug":"brandschutzbuch-und-maengelmanagement","status":"publish","type":"page","link":"https:\/\/wegi.at\/WP\/brandschutzbuch-und-maengelmanagement\/","title":{"rendered":"Brandschutzbuch und M\u00e4ngelmanagement"},"content":{"rendered":"\t\t<div data-elementor-type=\"wp-page\" data-elementor-id=\"169\" class=\"elementor elementor-169\">\n\t\t\t\t\t\t\t\t\t<section class=\"elementor-section elementor-top-section elementor-element elementor-element-9903c1d elementor-section-boxed elementor-section-height-default elementor-section-height-default\" data-id=\"9903c1d\" data-element_type=\"section\">\n\t\t\t\t\t\t<div class=\"elementor-container elementor-column-gap-default\">\n\t\t\t\t\t<div class=\"elementor-column elementor-col-100 elementor-top-column elementor-element elementor-element-76ee999\" data-id=\"76ee999\" data-element_type=\"column\">\n\t\t\t<div class=\"elementor-widget-wrap elementor-element-populated\">\n\t\t\t\t\t\t\t\t<div class=\"elementor-element elementor-element-ae76ee6 elementor-widget elementor-widget-spacer\" data-id=\"ae76ee6\" data-element_type=\"widget\" data-widget_type=\"spacer.default\">\n\t\t\t\t<div class=\"elementor-widget-container\">\n\t\t\t<style>\/*! elementor - v3.11.3 - 07-03-2023 *\/\n.elementor-column .elementor-spacer-inner{height:var(--spacer-size)}.e-con{--container-widget-width:100%}.e-con-inner>.elementor-widget-spacer,.e-con>.elementor-widget-spacer{width:var(--container-widget-width,var(--spacer-size));--align-self:var(--container-widget-align-self,initial);--flex-shrink:0}.e-con-inner>.elementor-widget-spacer>.elementor-widget-container,.e-con-inner>.elementor-widget-spacer>.elementor-widget-container>.elementor-spacer,.e-con>.elementor-widget-spacer>.elementor-widget-container,.e-con>.elementor-widget-spacer>.elementor-widget-container>.elementor-spacer{height:100%}.e-con-inner>.elementor-widget-spacer>.elementor-widget-container>.elementor-spacer>.elementor-spacer-inner,.e-con>.elementor-widget-spacer>.elementor-widget-container>.elementor-spacer>.elementor-spacer-inner{height:var(--container-widget-height,var(--spacer-size))}<\/style>\t\t<div class=\"elementor-spacer\">\n\t\t\t<div class=\"elementor-spacer-inner\"><\/div>\n\t\t<\/div>\n\t\t\t\t<\/div>\n\t\t\t\t<\/div>\n\t\t\t\t<div class=\"elementor-element elementor-element-314af6e elementor-widget elementor-widget-heading\" data-id=\"314af6e\" data-element_type=\"widget\" data-widget_type=\"heading.default\">\n\t\t\t\t<div class=\"elementor-widget-container\">\n\t\t\t<style>\/*! elementor - v3.11.3 - 07-03-2023 *\/\n.elementor-heading-title{padding:0;margin:0;line-height:1}.elementor-widget-heading .elementor-heading-title[class*=elementor-size-]>a{color:inherit;font-size:inherit;line-height:inherit}.elementor-widget-heading .elementor-heading-title.elementor-size-small{font-size:15px}.elementor-widget-heading .elementor-heading-title.elementor-size-medium{font-size:19px}.elementor-widget-heading .elementor-heading-title.elementor-size-large{font-size:29px}.elementor-widget-heading .elementor-heading-title.elementor-size-xl{font-size:39px}.elementor-widget-heading .elementor-heading-title.elementor-size-xxl{font-size:59px}<\/style><h3 class=\"elementor-heading-title elementor-size-default\">Brandschutzbuch und M\u00e4ngelmanagement<\/h3>\t\t<\/div>\n\t\t\t\t<\/div>\n\t\t\t\t\t<\/div>\n\t\t<\/div>\n\t\t\t\t\t\t\t<\/div>\n\t\t<\/section>\n\t\t\t\t<section class=\"elementor-section elementor-top-section elementor-element elementor-element-548bf4d elementor-section-boxed elementor-section-height-default elementor-section-height-default\" data-id=\"548bf4d\" data-element_type=\"section\">\n\t\t\t\t\t\t<div class=\"elementor-container elementor-column-gap-default\">\n\t\t\t\t\t<div class=\"elementor-column elementor-col-50 elementor-top-column elementor-element elementor-element-942c69b\" data-id=\"942c69b\" data-element_type=\"column\">\n\t\t\t<div class=\"elementor-widget-wrap elementor-element-populated\">\n\t\t\t\t\t\t\t\t<div class=\"elementor-element elementor-element-b4adf47 elementor-widget elementor-widget-text-editor\" data-id=\"b4adf47\" data-element_type=\"widget\" data-widget_type=\"text-editor.default\">\n\t\t\t\t<div class=\"elementor-widget-container\">\n\t\t\t<style>\/*! elementor - v3.11.3 - 07-03-2023 *\/\n.elementor-widget-text-editor.elementor-drop-cap-view-stacked .elementor-drop-cap{background-color:#818a91;color:#fff}.elementor-widget-text-editor.elementor-drop-cap-view-framed .elementor-drop-cap{color:#818a91;border:3px solid;background-color:transparent}.elementor-widget-text-editor:not(.elementor-drop-cap-view-default) .elementor-drop-cap{margin-top:8px}.elementor-widget-text-editor:not(.elementor-drop-cap-view-default) .elementor-drop-cap-letter{width:1em;height:1em}.elementor-widget-text-editor .elementor-drop-cap{float:left;text-align:center;line-height:1;font-size:50px}.elementor-widget-text-editor .elementor-drop-cap-letter{display:inline-block}<\/style>\t\t\t\t<p><strong>Smart, sicher, sorglos!<\/strong><\/p><p><strong>Effektiver Brandschutz<\/strong><\/p><p>Der vorbeugende Brandschutz ist gesetzlich vorgeschrieben und muss l\u00fcckenlos dokumentiert werden. PROVENTOR verwaltet dabei die Objekte, die pr\u00fcfpflichtigen Arbeitsmittel (PAM) sowie die im Brandschutz erforderlichen Rollen. Des Weiteren bietet PROVENTOR ein buchhaltungssicheres Brandschutzbuch, das alle T\u00e4tigkeiten und Vorf\u00e4lle l\u00fcckenlos dokumentiert.<\/p><p>Das integrierte M\u00e4ngelmanagement zeigt Probleme auf. Anfallende Arbeiten k\u00f6nnen sofort an die richtigen Stellen delegiert werden. \u00dcberf\u00e4llige M\u00e4ngel und Begehungen werden nach mehrmaliger Erinnerung eskaliert.<\/p>\t\t\t\t\t\t<\/div>\n\t\t\t\t<\/div>\n\t\t\t\t\t<\/div>\n\t\t<\/div>\n\t\t\t\t<div class=\"elementor-column elementor-col-50 elementor-top-column elementor-element elementor-element-d93dbc8\" data-id=\"d93dbc8\" data-element_type=\"column\">\n\t\t\t<div class=\"elementor-widget-wrap elementor-element-populated\">\n\t\t\t\t\t\t\t\t<div class=\"elementor-element elementor-element-b6bf0b3 elementor-widget elementor-widget-image\" data-id=\"b6bf0b3\" data-element_type=\"widget\" data-widget_type=\"image.default\">\n\t\t\t\t<div class=\"elementor-widget-container\">\n\t\t\t<style>\/*! elementor - v3.11.3 - 07-03-2023 *\/\n.elementor-widget-image{text-align:center}.elementor-widget-image a{display:inline-block}.elementor-widget-image a img[src$=\".svg\"]{width:48px}.elementor-widget-image img{vertical-align:middle;display:inline-block}<\/style>\t\t\t\t\t\t\t\t\t\t\t\t<img loading=\"lazy\" decoding=\"async\" width=\"2560\" height=\"1707\" src=\"https:\/\/wegi.at\/WP\/wp-content\/uploads\/2023\/01\/Tablet-scaled.jpeg\" class=\"attachment-full size-full wp-image-361\" alt=\"\" srcset=\"https:\/\/wegi.at\/WP\/wp-content\/uploads\/2023\/01\/Tablet-scaled.jpeg 2560w, https:\/\/wegi.at\/WP\/wp-content\/uploads\/2023\/01\/Tablet-300x200.jpeg 300w, https:\/\/wegi.at\/WP\/wp-content\/uploads\/2023\/01\/Tablet-1024x683.jpeg 1024w, https:\/\/wegi.at\/WP\/wp-content\/uploads\/2023\/01\/Tablet-768x512.jpeg 768w, https:\/\/wegi.at\/WP\/wp-content\/uploads\/2023\/01\/Tablet-1536x1024.jpeg 1536w, https:\/\/wegi.at\/WP\/wp-content\/uploads\/2023\/01\/Tablet-2048x1365.jpeg 2048w\" sizes=\"auto, (max-width: 2560px) 100vw, 2560px\" \/>\t\t\t\t\t\t\t\t\t\t\t\t\t\t\t<\/div>\n\t\t\t\t<\/div>\n\t\t\t\t\t<\/div>\n\t\t<\/div>\n\t\t\t\t\t\t\t<\/div>\n\t\t<\/section>\n\t\t\t\t\t\t\t<\/div>\n\t\t","protected":false},"excerpt":{"rendered":"<p>Brandschutzbuch und M\u00e4ngelmanagement Smart, sicher, sorglos! Effektiver Brandschutz Der vorbeugende Brandschutz ist gesetzlich vorgeschrieben und muss l\u00fcckenlos dokumentiert werden. PROVENTOR verwaltet dabei die Objekte, die pr\u00fcfpflichtigen Arbeitsmittel (PAM) sowie die im Brandschutz erforderlichen Rollen. Des Weiteren bietet PROVENTOR ein buchhaltungssicheres Brandschutzbuch, das alle T\u00e4tigkeiten und Vorf\u00e4lle l\u00fcckenlos dokumentiert. Das integrierte M\u00e4ngelmanagement zeigt Probleme auf. Anfallende [&hellip;]<\/p>\n","protected":false},"author":1,"featured_media":0,"parent":0,"menu_order":0,"comment_status":"closed","ping_status":"closed","template":"","meta":{"footnotes":""},"class_list":["post-169","page","type-page","status-publish","hentry","entry"],"_links":{"self":[{"href":"https:\/\/wegi.at\/WP\/wp-json\/wp\/v2\/pages\/169","targetHints":{"allow":["GET"]}}],"collection":[{"href":"https:\/\/wegi.at\/WP\/wp-json\/wp\/v2\/pages"}],"about":[{"href":"https:\/\/wegi.at\/WP\/wp-json\/wp\/v2\/types\/page"}],"author":[{"embeddable":true,"href":"https:\/\/wegi.at\/WP\/wp-json\/wp\/v2\/users\/1"}],"replies":[{"embeddable":true,"href":"https:\/\/wegi.at\/WP\/wp-json\/wp\/v2\/comments?post=169"}],"version-history":[{"count":25,"href":"https:\/\/wegi.at\/WP\/wp-json\/wp\/v2\/pages\/169\/revisions"}],"predecessor-version":[{"id":871,"href":"https:\/\/wegi.at\/WP\/wp-json\/wp\/v2\/pages\/169\/revisions\/871"}],"wp:attachment":[{"href":"https:\/\/wegi.at\/WP\/wp-json\/wp\/v2\/media?parent=169"}],"curies":[{"name":"wp","href":"https:\/\/api.w.org\/{rel}","templated":true}]}}