{"id":122,"date":"2023-01-22T21:28:28","date_gmt":"2023-01-22T20:28:28","guid":{"rendered":"http:\/\/wegi.at\/WP\/?page_id=122"},"modified":"2023-01-28T21:00:52","modified_gmt":"2023-01-28T20:00:52","slug":"rauch-co-und-hitzewarnmelder","status":"publish","type":"page","link":"https:\/\/wegi.at\/WP\/rauch-co-und-hitzewarnmelder\/","title":{"rendered":"Rauch- Co- und Hitzewarnmelder"},"content":{"rendered":"\t\t<div data-elementor-type=\"wp-page\" data-elementor-id=\"122\" class=\"elementor elementor-122\">\n\t\t\t\t\t\t\t\t\t<section class=\"elementor-section elementor-top-section elementor-element elementor-element-a7d1391 elementor-section-boxed elementor-section-height-default elementor-section-height-default\" data-id=\"a7d1391\" data-element_type=\"section\">\n\t\t\t\t\t\t<div class=\"elementor-container elementor-column-gap-default\">\n\t\t\t\t\t<div class=\"elementor-column elementor-col-100 elementor-top-column elementor-element elementor-element-d32265b\" data-id=\"d32265b\" data-element_type=\"column\">\n\t\t\t<div class=\"elementor-widget-wrap elementor-element-populated\">\n\t\t\t\t\t\t\t\t<div class=\"elementor-element elementor-element-47f5c03 elementor-widget elementor-widget-spacer\" data-id=\"47f5c03\" data-element_type=\"widget\" data-widget_type=\"spacer.default\">\n\t\t\t\t<div class=\"elementor-widget-container\">\n\t\t\t<style>\/*! elementor - v3.11.3 - 07-03-2023 *\/\n.elementor-column .elementor-spacer-inner{height:var(--spacer-size)}.e-con{--container-widget-width:100%}.e-con-inner>.elementor-widget-spacer,.e-con>.elementor-widget-spacer{width:var(--container-widget-width,var(--spacer-size));--align-self:var(--container-widget-align-self,initial);--flex-shrink:0}.e-con-inner>.elementor-widget-spacer>.elementor-widget-container,.e-con-inner>.elementor-widget-spacer>.elementor-widget-container>.elementor-spacer,.e-con>.elementor-widget-spacer>.elementor-widget-container,.e-con>.elementor-widget-spacer>.elementor-widget-container>.elementor-spacer{height:100%}.e-con-inner>.elementor-widget-spacer>.elementor-widget-container>.elementor-spacer>.elementor-spacer-inner,.e-con>.elementor-widget-spacer>.elementor-widget-container>.elementor-spacer>.elementor-spacer-inner{height:var(--container-widget-height,var(--spacer-size))}<\/style>\t\t<div class=\"elementor-spacer\">\n\t\t\t<div class=\"elementor-spacer-inner\"><\/div>\n\t\t<\/div>\n\t\t\t\t<\/div>\n\t\t\t\t<\/div>\n\t\t\t\t<div class=\"elementor-element elementor-element-ea62ce4 elementor-widget elementor-widget-heading\" data-id=\"ea62ce4\" data-element_type=\"widget\" data-widget_type=\"heading.default\">\n\t\t\t\t<div class=\"elementor-widget-container\">\n\t\t\t<style>\/*! elementor - v3.11.3 - 07-03-2023 *\/\n.elementor-heading-title{padding:0;margin:0;line-height:1}.elementor-widget-heading .elementor-heading-title[class*=elementor-size-]>a{color:inherit;font-size:inherit;line-height:inherit}.elementor-widget-heading .elementor-heading-title.elementor-size-small{font-size:15px}.elementor-widget-heading .elementor-heading-title.elementor-size-medium{font-size:19px}.elementor-widget-heading .elementor-heading-title.elementor-size-large{font-size:29px}.elementor-widget-heading .elementor-heading-title.elementor-size-xl{font-size:39px}.elementor-widget-heading .elementor-heading-title.elementor-size-xxl{font-size:59px}<\/style><h3 class=\"elementor-heading-title elementor-size-default\">Rauch- Co- und Hitzewarnmelder<\/h3>\t\t<\/div>\n\t\t\t\t<\/div>\n\t\t\t\t\t<\/div>\n\t\t<\/div>\n\t\t\t\t\t\t\t<\/div>\n\t\t<\/section>\n\t\t\t\t<section class=\"elementor-section elementor-top-section elementor-element elementor-element-8d2f7c1 elementor-section-boxed elementor-section-height-default elementor-section-height-default\" data-id=\"8d2f7c1\" data-element_type=\"section\">\n\t\t\t\t\t\t<div class=\"elementor-container elementor-column-gap-default\">\n\t\t\t\t\t<div class=\"elementor-column elementor-col-50 elementor-top-column elementor-element elementor-element-7e28bf5\" data-id=\"7e28bf5\" data-element_type=\"column\">\n\t\t\t<div class=\"elementor-widget-wrap elementor-element-populated\">\n\t\t\t\t\t\t\t\t<div class=\"elementor-element elementor-element-a361d32 elementor-widget elementor-widget-text-editor\" data-id=\"a361d32\" data-element_type=\"widget\" data-widget_type=\"text-editor.default\">\n\t\t\t\t<div class=\"elementor-widget-container\">\n\t\t\t<style>\/*! elementor - v3.11.3 - 07-03-2023 *\/\n.elementor-widget-text-editor.elementor-drop-cap-view-stacked .elementor-drop-cap{background-color:#818a91;color:#fff}.elementor-widget-text-editor.elementor-drop-cap-view-framed .elementor-drop-cap{color:#818a91;border:3px solid;background-color:transparent}.elementor-widget-text-editor:not(.elementor-drop-cap-view-default) .elementor-drop-cap{margin-top:8px}.elementor-widget-text-editor:not(.elementor-drop-cap-view-default) .elementor-drop-cap-letter{width:1em;height:1em}.elementor-widget-text-editor .elementor-drop-cap{float:left;text-align:center;line-height:1;font-size:50px}.elementor-widget-text-editor .elementor-drop-cap-letter{display:inline-block}<\/style>\t\t\t\t<p><strong>Rauchmelder und CO-Melder retten Leben!<\/strong><\/p><p>Die meisten Brandopfer \u2013 70% &#8211; verungl\u00fccken nachts in den eigenen vier W\u00e4nden. Gef\u00e4hrlich ist dabei nicht so sehr das Feuer, sondern der Rauch. 95% der Brandtoten sterben an den Folgen einer Rauchvergiftung! Rauchmelder haben sich als vorbeugender Brandschutz bew\u00e4hrt.<\/p><p>Schlafende Nasen riechen nichts! Tags\u00fcber kann ein Brandherd meist schnell entdeckt und gel\u00f6scht werden, nachts dagegen schl\u00e4ft auch der Geruchssinn, so dass die Opfer im Schlaf \u00fcberrascht werden, ohne die gef\u00e4hrlichen Brandgase zu bemerken.<\/p><p>Rund 40 Menschen sterben j\u00e4hrlich in \u00d6sterreich an Br\u00e4nden, die Mehrheit davon in Privathaushalten. Ursache f\u00fcr die etwa 30.000 Br\u00e4nde im Jahr ist aber im Gegensatz zur landl\u00e4ufigen Meinung nicht nur Fahrl\u00e4ssigkeit. Sehr oft l\u00f6sen technische Defekte Br\u00e4nde aus. Rauchmelder (Brandmelder) retten Leben \u2013 der laute Alarm des Rauchmelders (auch Rauchwarnmelder oder Brandmelder, Feuermelder genannt) warnt Sie auch im Schlaf rechtzeitig vor der Brandgefahr und verschafft Ihnen den n\u00f6tigen Vorsprung, um sich und Ihre Familie in Sicherheit bringen zu k\u00f6nnen.<\/p><p><b>Rauchmelderpflicht in \u00d6sterreich<\/b><\/p><p>Der Rauchmelderpflicht \u00d6sterreich liegt die\u00a0OiB-Richtlinie 2\u00a0zugrunde und ist mit der DIN-Norm 14676 zu vergleichen, die die Rauchmelderpflicht Deutschland gesetzlich festlegt.<\/p><p>In sechs von neun \u00f6sterreichischen Bundesl\u00e4ndern wurde die OiB-Richtlinie 2 bereits umgesetzt. In Nieder\u00f6sterreich, Ober\u00f6sterreich und Salzburg ist die Richtlinie noch nicht in Kraft. Au\u00dferdem hat nur K\u00e4rnten die Nachr\u00fcstung bestehender Wohnimmobilien mit Rauchwarnmeldern bis zum 30.06.2013 vorgeschrieben. In allen anderen Bundesl\u00e4ndern gilt die Rauchmelderpflicht in \u00d6sterreich lediglich f\u00fcr Neu- und Umbauten.<\/p>\t\t\t\t\t\t<\/div>\n\t\t\t\t<\/div>\n\t\t\t\t\t<\/div>\n\t\t<\/div>\n\t\t\t\t<div class=\"elementor-column elementor-col-50 elementor-top-column elementor-element elementor-element-3297c58\" data-id=\"3297c58\" data-element_type=\"column\">\n\t\t\t<div class=\"elementor-widget-wrap elementor-element-populated\">\n\t\t\t\t\t\t\t\t<div class=\"elementor-element elementor-element-c83f52a elementor-widget elementor-widget-image\" data-id=\"c83f52a\" data-element_type=\"widget\" data-widget_type=\"image.default\">\n\t\t\t\t<div class=\"elementor-widget-container\">\n\t\t\t<style>\/*! elementor - v3.11.3 - 07-03-2023 *\/\n.elementor-widget-image{text-align:center}.elementor-widget-image a{display:inline-block}.elementor-widget-image a img[src$=\".svg\"]{width:48px}.elementor-widget-image img{vertical-align:middle;display:inline-block}<\/style>\t\t\t\t\t\t\t\t\t\t\t\t<img loading=\"lazy\" decoding=\"async\" width=\"1024\" height=\"633\" src=\"https:\/\/wegi.at\/WP\/wp-content\/uploads\/2023\/01\/Brandmelder-1024x633.jpg\" class=\"attachment-large size-large wp-image-389\" alt=\"\" srcset=\"https:\/\/wegi.at\/WP\/wp-content\/uploads\/2023\/01\/Brandmelder-1024x633.jpg 1024w, https:\/\/wegi.at\/WP\/wp-content\/uploads\/2023\/01\/Brandmelder-300x185.jpg 300w, https:\/\/wegi.at\/WP\/wp-content\/uploads\/2023\/01\/Brandmelder-768x475.jpg 768w, https:\/\/wegi.at\/WP\/wp-content\/uploads\/2023\/01\/Brandmelder.jpg 1280w\" sizes=\"auto, (max-width: 1024px) 100vw, 1024px\" \/>\t\t\t\t\t\t\t\t\t\t\t\t\t\t\t<\/div>\n\t\t\t\t<\/div>\n\t\t\t\t<div class=\"elementor-element elementor-element-a52673e elementor-widget elementor-widget-text-editor\" data-id=\"a52673e\" data-element_type=\"widget\" data-widget_type=\"text-editor.default\">\n\t\t\t\t<div class=\"elementor-widget-container\">\n\t\t\t\t\t\t\t<p><b>Kohlenmonoxid Melder<\/b><\/p><p>Ein Kohlenmonoxid Melder ist kein Ersatz f\u00fcr Rauchmelder, da sie nicht die Rauchentwicklung erkennen, sondern nur den Gehalt von CO in der Luft. Deshalb sollte auf einen Rauchmelder nicht verzichtet werden, da sich das Risiko eines Brandes durch CO Melder nicht ausschlie\u00dfen l\u00e4sst. Eine Kombination aus beiden Meldeger\u00e4ten sorgt allerdings f\u00fcr ein hohes Ma\u00df an Sicherheit vor den Folgen sowohl eines Brandes als auch einer Kohlenmonoxidvergiftung. Nicht zu verwechseln sind CO Melder mit Gasmeldern. Diese Ger\u00e4te dienen der Ermittlung von anderen Gasen in der Raumluft. In der Regel sind Gasmelder aber nicht in Wohnr\u00e4umen oder anderen R\u00e4umen notwendig. Einzig beim Betrieb von Gasherden und Heizungen mit Gas sollten Sie \u00fcber die Anschaffung eines Gasmelders nachdenken. Es gibt auf dem Markt inzwischen auch kombinierte Melder, die sowohl CO als auch andere Gase in der Luft messen k\u00f6nnen und bei zu hohen Konzentrationen Alarm schlagen. Wer auf Nummer sicher gehen m\u00f6chte, ist mit diesen Kombi-Meldern auf jeden Fall gut beraten.<\/p><p>U<b>nsere T\u00dcV-gepr\u00fcften Fachkr\u00e4fte f\u00fcr Rauchwarnmelder beraten Sie gerne umfangreich zum Thema Rauchwarnmelder und Kohlendioxidwarnmelder.<\/b><\/p>\t\t\t\t\t\t<\/div>\n\t\t\t\t<\/div>\n\t\t\t\t\t<\/div>\n\t\t<\/div>\n\t\t\t\t\t\t\t<\/div>\n\t\t<\/section>\n\t\t\t\t\t\t\t<\/div>\n\t\t","protected":false},"excerpt":{"rendered":"<p>Rauch- Co- und Hitzewarnmelder Rauchmelder und CO-Melder retten Leben! Die meisten Brandopfer \u2013 70% &#8211; verungl\u00fccken nachts in den eigenen vier W\u00e4nden. Gef\u00e4hrlich ist dabei nicht so sehr das Feuer, sondern der Rauch. 95% der Brandtoten sterben an den Folgen einer Rauchvergiftung! Rauchmelder haben sich als vorbeugender Brandschutz bew\u00e4hrt. Schlafende Nasen riechen nichts! Tags\u00fcber kann [&hellip;]<\/p>\n","protected":false},"author":1,"featured_media":0,"parent":0,"menu_order":0,"comment_status":"closed","ping_status":"closed","template":"","meta":{"footnotes":""},"class_list":["post-122","page","type-page","status-publish","hentry","entry"],"_links":{"self":[{"href":"https:\/\/wegi.at\/WP\/wp-json\/wp\/v2\/pages\/122","targetHints":{"allow":["GET"]}}],"collection":[{"href":"https:\/\/wegi.at\/WP\/wp-json\/wp\/v2\/pages"}],"about":[{"href":"https:\/\/wegi.at\/WP\/wp-json\/wp\/v2\/types\/page"}],"author":[{"embeddable":true,"href":"https:\/\/wegi.at\/WP\/wp-json\/wp\/v2\/users\/1"}],"replies":[{"embeddable":true,"href":"https:\/\/wegi.at\/WP\/wp-json\/wp\/v2\/comments?post=122"}],"version-history":[{"count":19,"href":"https:\/\/wegi.at\/WP\/wp-json\/wp\/v2\/pages\/122\/revisions"}],"predecessor-version":[{"id":696,"href":"https:\/\/wegi.at\/WP\/wp-json\/wp\/v2\/pages\/122\/revisions\/696"}],"wp:attachment":[{"href":"https:\/\/wegi.at\/WP\/wp-json\/wp\/v2\/media?parent=122"}],"curies":[{"name":"wp","href":"https:\/\/api.w.org\/{rel}","templated":true}]}}